{"id":3545,"date":"2018-09-22T19:14:49","date_gmt":"2018-09-22T19:14:49","guid":{"rendered":"https:\/\/contentberg.theme-sphere.com\/?page_id=3545"},"modified":"2021-02-11T22:50:43","modified_gmt":"2021-02-11T22:50:43","slug":"homepage","status":"publish","type":"page","link":"https:\/\/medicallhome.mx\/blog\/","title":{"rendered":"Blog MedicallHome"},"content":{"rendered":"<p>[vc_row][vc_column]\n<div class=\"block\">\n\t\n\t\t<div class=\"widget widget-a-wrap\">\n\t\t\t\t\t\t\n\t\t\t<div class=\"the-wrap\">\n\t\t\t\t<a href=\"https:\/\/medicallhome.mx\/individuales\/\">\n<img decoding=\"async\" alt=\"MedicallHome\" src=\"https:\/\/medicallhome.mx\/blog\/wp-content\/uploads\/2020\/10\/bannermhheader.jpg\">\n<\/a>\t\t\t<\/div>\n\n\t\t\n\t\t<\/div>\t\t\n\t\t<\/div>\n\n[\/vc_column][\/vc_row][vc_row][vc_column width=\u00bb2\/3&#8243;]\n\t<section class=\"cf block loop-classic\" data-id=\"p-2\">\n\t\n\t\t\t\t\n\t\t<div class=\"block-content\">\n\t\t\n<div class=\"posts-container posts-large cf\">\n\n\n\t<div class=\"posts-wrap\">\n\t\n\t\t\t\n\t\t\n<article id=\"post-4285\" class=\"post-main large-post post-4285 post type-post status-publish format-standard has-post-thumbnail category-consejos category-salud-y-bienestar tag-amor tag-bienestar tag-consejos-de-salud tag-salud-y-bienestar\">\n\t\n\t<header class=\"post-header cf\">\n\n\t\t\t\t\t\t\n\t\t<div class=\"featured\">\n\t\t\n\t\t\t\t\t\t\n\t\t\t\t\t\t\t\n\t\t\t\t<a href=\"https:\/\/medicallhome.mx\/blog\/clave-para-reducir-riesgos-y-garantizar-un-embarazo-seguro\/\" class=\"image-link\"><img loading=\"lazy\" decoding=\"async\" width=\"770\" height=\"515\" src=\"https:\/\/medicallhome.mx\/blog\/wp-content\/uploads\/2026\/03\/family-spend-time-summer-garden-770x515.jpg\" class=\"attachment-contentberg-main size-contentberg-main wp-post-image\" alt=\"\" title=\"Clave para reducir riesgos y garantizar un embarazo seguro\" srcset=\"https:\/\/medicallhome.mx\/blog\/wp-content\/uploads\/2026\/03\/family-spend-time-summer-garden-770x515.jpg 770w, https:\/\/medicallhome.mx\/blog\/wp-content\/uploads\/2026\/03\/family-spend-time-summer-garden-300x200.jpg 300w, https:\/\/medicallhome.mx\/blog\/wp-content\/uploads\/2026\/03\/family-spend-time-summer-garden-1024x683.jpg 1024w, https:\/\/medicallhome.mx\/blog\/wp-content\/uploads\/2026\/03\/family-spend-time-summer-garden-270x180.jpg 270w, https:\/\/medicallhome.mx\/blog\/wp-content\/uploads\/2026\/03\/family-spend-time-summer-garden-300x200@2x.jpg 600w, https:\/\/medicallhome.mx\/blog\/wp-content\/uploads\/2026\/03\/family-spend-time-summer-garden-1024x683@2x.jpg 2048w\" sizes=\"(max-width: 770px) 100vw, 770px\" \/>\t\t\t\t<\/a>\n\t\t\t\t\n\t\t\t\t\t<\/div>\t\t\n\t\t\t<div class=\"post-meta post-meta-b\">\n\t\t\n\t\t\t\t\n\t\t\t<span class=\"post-cat\">\t\n\t\t\t\t<span class=\"text-in\">En<\/span> \n\t\t\t\t\t\t\t\t\t\n\t\t<a href=\"https:\/\/medicallhome.mx\/blog\/category\/consejos\/\" class=\"category\">Consejos<\/a>\n\n\t\t\t\t\t<\/span>\n\t\t\t\n\t\t\t\n\t\t\n\t\t\t\t\t\n\t\t\t\n\t\t\t<h2 class=\"post-title-alt\">\n\t\t\t\t\t\t\t\n\t\t\t\t\t<a href=\"https:\/\/medicallhome.mx\/blog\/clave-para-reducir-riesgos-y-garantizar-un-embarazo-seguro\/\">Clave para reducir riesgos y garantizar un embarazo seguro<\/a>\n\t\t\t\t\t\n\t\t\t\t\t\t\t<\/h2>\n\t\t\t\n\t\t\t\t\n\t\t<div class=\"below\">\n\t\t\n\t\t\t\t\t\t\t<a href=\"https:\/\/medicallhome.mx\/blog\/clave-para-reducir-riesgos-y-garantizar-un-embarazo-seguro\/\" class=\"meta-item date-link\"><time class=\"post-date\" datetime=\"2026-03-26T17:46:18+00:00\">26 de marzo de 2026<\/time><\/a>\n\n\t\t\t\t<span class=\"meta-sep\"><\/span>\n\t\t\t\t\t\t\n\t\t\t\n\t\t\t\t\t\t\t<span class=\"meta-item read-time\">1 Min de Lectura<\/span>\n\t\t\t\t\t\n\t\t<\/div>\n\t\t\n\t<\/div>\t\t\n\t<\/header><!-- .post-header -->\n\n\t<div class=\"post-content description cf post-excerpt\">\n\t\t\n\t\t<p>La salud materna sigue siendo uno de los principales retos de los sistemas de salud a nivel mundial. A pesar de los avances m\u00e9dicos, miles de mujeres contin\u00faan enfrentando complicaciones prevenibles durante el embarazo y el parto.\u00a0Seg\u00fan la Organizaci\u00f3n Panamericana de la Salud, la mayor\u00eda de las muertes maternas son evitables con acceso oportuno a servicios de salud de calidad.\u00a0\u00a0 Entre las causas m\u00e1s comunes de complicaciones se encuentran:\u00a0 Hemorragias.\u00a0 Trastornos hipertensivos (preeclampsia).\u00a0 Infecciones.\u00a0 Falta&hellip;<\/p>\n\t\t\n\t\t\t\t\n\t\t\t<div class=\"read-more\"><a href=\"https:\/\/medicallhome.mx\/blog\/clave-para-reducir-riesgos-y-garantizar-un-embarazo-seguro\/\"><span>Leer m\u00e1s<\/span><\/a><\/div>\n\t\t\t\n\t\t\n\t<\/div><!-- .post-content -->\n\t\n\t\n\t\t\t\n<\/article>\n\t\t\n\t\t\t\n\t\t\n<article id=\"post-4282\" class=\"post-main large-post post-4282 post type-post status-publish format-standard has-post-thumbnail category-salud-y-bienestar tag-emociones tag-salud-emocional\">\n\t\n\t<header class=\"post-header cf\">\n\n\t\t\t\t\t\t\n\t\t<div class=\"featured\">\n\t\t\n\t\t\t\t\t\t\n\t\t\t\t\t\t\t\n\t\t\t\t<a href=\"https:\/\/medicallhome.mx\/blog\/te-ensenamos-a-cuidar-la-salud-emocional-de-tus-hijos\/\" class=\"image-link\"><img loading=\"lazy\" decoding=\"async\" width=\"770\" height=\"515\" src=\"https:\/\/medicallhome.mx\/blog\/wp-content\/uploads\/2026\/03\/siblings-playing-with-brain-teaser-toys-770x515.jpg\" class=\"attachment-contentberg-main size-contentberg-main wp-post-image\" alt=\"\" title=\"Te ense\u00f1amos a cuidar la salud emocional de tus hijos.\" srcset=\"https:\/\/medicallhome.mx\/blog\/wp-content\/uploads\/2026\/03\/siblings-playing-with-brain-teaser-toys-770x515.jpg 770w, https:\/\/medicallhome.mx\/blog\/wp-content\/uploads\/2026\/03\/siblings-playing-with-brain-teaser-toys-300x200.jpg 300w, https:\/\/medicallhome.mx\/blog\/wp-content\/uploads\/2026\/03\/siblings-playing-with-brain-teaser-toys-1024x683.jpg 1024w, https:\/\/medicallhome.mx\/blog\/wp-content\/uploads\/2026\/03\/siblings-playing-with-brain-teaser-toys-270x180.jpg 270w, https:\/\/medicallhome.mx\/blog\/wp-content\/uploads\/2026\/03\/siblings-playing-with-brain-teaser-toys-300x200@2x.jpg 600w, https:\/\/medicallhome.mx\/blog\/wp-content\/uploads\/2026\/03\/siblings-playing-with-brain-teaser-toys-1024x683@2x.jpg 2048w\" sizes=\"(max-width: 770px) 100vw, 770px\" \/>\t\t\t\t<\/a>\n\t\t\t\t\n\t\t\t\t\t<\/div>\t\t\n\t\t\t<div class=\"post-meta post-meta-b\">\n\t\t\n\t\t\t\t\n\t\t\t<span class=\"post-cat\">\t\n\t\t\t\t<span class=\"text-in\">En<\/span> \n\t\t\t\t\t\t\t\t\t\n\t\t<a href=\"https:\/\/medicallhome.mx\/blog\/category\/salud-y-bienestar\/\" class=\"category\">Salud y Bienestar<\/a>\n\n\t\t\t\t\t<\/span>\n\t\t\t\n\t\t\t\n\t\t\n\t\t\t\t\t\n\t\t\t\n\t\t\t<h2 class=\"post-title-alt\">\n\t\t\t\t\t\t\t\n\t\t\t\t\t<a href=\"https:\/\/medicallhome.mx\/blog\/te-ensenamos-a-cuidar-la-salud-emocional-de-tus-hijos\/\">Te ense\u00f1amos a cuidar la salud emocional de tus hijos.<\/a>\n\t\t\t\t\t\n\t\t\t\t\t\t\t<\/h2>\n\t\t\t\n\t\t\t\t\n\t\t<div class=\"below\">\n\t\t\n\t\t\t\t\t\t\t<a href=\"https:\/\/medicallhome.mx\/blog\/te-ensenamos-a-cuidar-la-salud-emocional-de-tus-hijos\/\" class=\"meta-item date-link\"><time class=\"post-date\" datetime=\"2026-03-26T16:26:25+00:00\">26 de marzo de 2026<\/time><\/a>\n\n\t\t\t\t<span class=\"meta-sep\"><\/span>\n\t\t\t\t\t\t\n\t\t\t\n\t\t\t\t\t\t\t<span class=\"meta-item read-time\">3 Mins de Lectura<\/span>\n\t\t\t\t\t\n\t\t<\/div>\n\t\t\n\t<\/div>\t\t\n\t<\/header><!-- .post-header -->\n\n\t<div class=\"post-content description cf post-excerpt\">\n\t\t\n\t\t<p>Ser pap\u00e1s muchas veces supone estar alerta a cualquier se\u00f1al que nos diga que algo va bien\u2026 o algo puede mejorar. Y cuando se trata de la\u00a0salud emocional de nuestros hijos, muchas veces no sabemos por d\u00f3nde empezar. \u00bfPor qu\u00e9? Porque los ni\u00f1os tambi\u00e9n sienten ansiedad, estr\u00e9s por la escuela o cambios en casa, y eso influye directamente en su bienestar diario.\u00a0 La buena noticia es que\u00a0cuidar la salud emocional de tus hijos es posible.&hellip;<\/p>\n\t\t\n\t\t\t\t\n\t\t\t<div class=\"read-more\"><a href=\"https:\/\/medicallhome.mx\/blog\/te-ensenamos-a-cuidar-la-salud-emocional-de-tus-hijos\/\"><span>Leer m\u00e1s<\/span><\/a><\/div>\n\t\t\t\n\t\t\n\t<\/div><!-- .post-content -->\n\t\n\t\n\t\t\t\n<\/article>\n\t\t\n\t\t\t\n\t\t\n<article id=\"post-4280\" class=\"post-main large-post post-4280 post type-post status-publish format-standard has-post-thumbnail category-consejos category-salud-y-bienestar tag-bienestar tag-consejos-de-salud\">\n\t\n\t<header class=\"post-header cf\">\n\n\t\t\t\t\t\t\n\t\t<div class=\"featured\">\n\t\t\n\t\t\t\t\t\t\n\t\t\t\t\t\t\t\n\t\t\t\t<a href=\"https:\/\/medicallhome.mx\/blog\/prevencion-ginecologica-tu-salud-tambien-necesita-un-mantenimiento\/\" class=\"image-link\"><img loading=\"lazy\" decoding=\"async\" width=\"770\" height=\"515\" src=\"https:\/\/medicallhome.mx\/blog\/wp-content\/uploads\/2025\/07\/Captura-de-pantalla-2025-07-01-a-las-12.53.46\u202fp.m-770x515.png\" class=\"attachment-contentberg-main size-contentberg-main wp-post-image\" alt=\"\" title=\"Prevenci\u00f3n ginecol\u00f3gica: tu salud tambi\u00e9n necesita un \u201cmantenimiento\u201d\" srcset=\"https:\/\/medicallhome.mx\/blog\/wp-content\/uploads\/2025\/07\/Captura-de-pantalla-2025-07-01-a-las-12.53.46\u202fp.m-770x515.png 770w, https:\/\/medicallhome.mx\/blog\/wp-content\/uploads\/2025\/07\/Captura-de-pantalla-2025-07-01-a-las-12.53.46\u202fp.m-270x180.png 270w\" sizes=\"(max-width: 770px) 100vw, 770px\" \/>\t\t\t\t<\/a>\n\t\t\t\t\n\t\t\t\t\t<\/div>\t\t\n\t\t\t<div class=\"post-meta post-meta-b\">\n\t\t\n\t\t\t\t\n\t\t\t<span class=\"post-cat\">\t\n\t\t\t\t<span class=\"text-in\">En<\/span> \n\t\t\t\t\t\t\t\t\t\n\t\t<a href=\"https:\/\/medicallhome.mx\/blog\/category\/consejos\/\" class=\"category\">Consejos<\/a>\n\n\t\t\t\t\t<\/span>\n\t\t\t\n\t\t\t\n\t\t\n\t\t\t\t\t\n\t\t\t\n\t\t\t<h2 class=\"post-title-alt\">\n\t\t\t\t\t\t\t\n\t\t\t\t\t<a href=\"https:\/\/medicallhome.mx\/blog\/prevencion-ginecologica-tu-salud-tambien-necesita-un-mantenimiento\/\">Prevenci\u00f3n ginecol\u00f3gica: tu salud tambi\u00e9n necesita un \u201cmantenimiento\u201d<\/a>\n\t\t\t\t\t\n\t\t\t\t\t\t\t<\/h2>\n\t\t\t\n\t\t\t\t\n\t\t<div class=\"below\">\n\t\t\n\t\t\t\t\t\t\t<a href=\"https:\/\/medicallhome.mx\/blog\/prevencion-ginecologica-tu-salud-tambien-necesita-un-mantenimiento\/\" class=\"meta-item date-link\"><time class=\"post-date\" datetime=\"2026-03-12T20:34:09+00:00\">12 de marzo de 2026<\/time><\/a>\n\n\t\t\t\t<span class=\"meta-sep\"><\/span>\n\t\t\t\t\t\t\n\t\t\t\n\t\t\t\t\t\t\t<span class=\"meta-item read-time\">3 Mins de Lectura<\/span>\n\t\t\t\t\t\n\t\t<\/div>\n\t\t\n\t<\/div>\t\t\n\t<\/header><!-- .post-header -->\n\n\t<div class=\"post-content description cf post-excerpt\">\n\t\t\n\t\t<p>As\u00ed como\u00a0llevas\u00a0tu coche a revisi\u00f3n, aunque \u201cse sienta bien\u201d, tu cuerpo tambi\u00e9n merece\u00a0revisiones,\u00a0aunque no haya s\u00edntomas. Y en temas ginecol\u00f3gicos, esto es clave: muchas condiciones se pueden prevenir o detectar temprano con chequeos simples.\u00a0 En el consultorio vemos casos que pudieron resolverse f\u00e1cilmente\u2026 si hubieran llegado antes. No por irresponsabilidad, sino por miedo, pena, falta de tiempo o porque la vida se atraviesa. Pero aqu\u00ed va lo m\u00e1s importante:\u00a0la prevenci\u00f3n no es para asustarte, es&hellip;<\/p>\n\t\t\n\t\t\t\t\n\t\t\t<div class=\"read-more\"><a href=\"https:\/\/medicallhome.mx\/blog\/prevencion-ginecologica-tu-salud-tambien-necesita-un-mantenimiento\/\"><span>Leer m\u00e1s<\/span><\/a><\/div>\n\t\t\t\n\t\t\n\t<\/div><!-- .post-content -->\n\t\n\t\n\t\t\t\n<\/article>\n\t\t\n\t\n\t<\/div>\n\t\n\t\t\n\n<\/div>\t\t<\/div>\n\t\n\t<\/section>\n\n[\/vc_column][vc_column width=\u00bb1\/3&#8243;][vc_widget_sidebar is_sidebar=\u00bb1&#8243; is_sticky=\u00bb1&#8243; sidebar_id=\u00bbcontentberg-primary\u00bb][\/vc_column][\/vc_row][vc_row][vc_column]\n<section class=\"cf block news-block\" data-id=\"p-3\">\n\t\n\t\t\n\t<div class=\"block-content ts-row\">\n\t\t<div class=\"col-6 large cf\">\n\t\t\t\n\t\t\t\t\n\t\t\t<article class=\"grid-post post-4154 post type-post status-publish format-standard has-post-thumbnail category-consejos\">\n\t\t\t\t\t\n\t\t\t\t<div class=\"post-header\">\n\t\t\t\t\t<div class=\"post-thumb\">\n\t\t\t\t\t\t<a href=\"https:\/\/medicallhome.mx\/blog\/sobrevivientes-del-suicidio-como-afrontar-la-perdida-de-un-ser-querido\/\" class=\"image-link\">\n\t\t\t\t\t\t\t<img loading=\"lazy\" decoding=\"async\" width=\"370\" height=\"245\" src=\"https:\/\/medicallhome.mx\/blog\/wp-content\/uploads\/2024\/08\/Captura-de-pantalla-2024-08-27-a-las-16.43.53-370x245.png\" class=\"attachment-contentberg-grid size-contentberg-grid wp-post-image\" alt=\"\" title=\"Sobrevivientes del suicidio: C\u00f3mo afrontar la p\u00e9rdida de un ser querido.\" srcset=\"https:\/\/medicallhome.mx\/blog\/wp-content\/uploads\/2024\/08\/Captura-de-pantalla-2024-08-27-a-las-16.43.53-370x245.png 370w, https:\/\/medicallhome.mx\/blog\/wp-content\/uploads\/2024\/08\/Captura-de-pantalla-2024-08-27-a-las-16.43.53-270x180.png 270w\" sizes=\"(max-width: 370px) 100vw, 370px\" \/>\t\t\t\t\t\t<\/a>\n\t\t\t\t\t\t\n\t\t\t\t\t\t\t\t\t\t\t<\/div>\n\t\t\t\t\t\n\t\t\t\t\t\n\t\t\t\t\t<div class=\"meta-title\">\n\t\t\t\t\t\t\t<div class=\"post-meta post-meta-b\">\n\t\t\n\t\t\t\t\n\t\t\t<span class=\"post-cat\">\t\n\t\t\t\t<span class=\"text-in\">En<\/span> \n\t\t\t\t\t\t\t\t\t\n\t\t<a href=\"https:\/\/medicallhome.mx\/blog\/category\/consejos\/\" class=\"category\">Consejos<\/a>\n\n\t\t\t\t\t<\/span>\n\t\t\t\n\t\t\t\n\t\t\n\t\t\t\t\t\n\t\t\t\n\t\t\t<h2 class=\"post-title-alt\">\n\t\t\t\t\t\t\t\n\t\t\t\t\t<a href=\"https:\/\/medicallhome.mx\/blog\/sobrevivientes-del-suicidio-como-afrontar-la-perdida-de-un-ser-querido\/\">Sobrevivientes del suicidio: C\u00f3mo afrontar la p\u00e9rdida de un ser querido.<\/a>\n\t\t\t\t\t\n\t\t\t\t\t\t\t<\/h2>\n\t\t\t\n\t\t\t\t\n\t\t<div class=\"below\">\n\t\t\n\t\t\t\t\t\t\t<a href=\"https:\/\/medicallhome.mx\/blog\/sobrevivientes-del-suicidio-como-afrontar-la-perdida-de-un-ser-querido\/\" class=\"meta-item date-link\"><time class=\"post-date\" datetime=\"2024-08-27T21:51:20+00:00\">27 de agosto de 2024<\/time><\/a>\n\n\t\t\t\t<span class=\"meta-sep\"><\/span>\n\t\t\t\t\t\t\n\t\t\t\n\t\t\t\t\t\t\t<span class=\"meta-item read-time\">5 Mins de Lectura<\/span>\n\t\t\t\t\t\n\t\t<\/div>\n\t\t\n\t<\/div>\t\t\t\t\t<\/div>\n\t\t\t\t<\/div>\n\t\t\t\t\n\t\t\t\t<div class=\"post-content post-excerpt cf\">\n\t\t\t\t<p>La p\u00e9rdida de un ser querido es una experiencia devastadora, pero cuando esta p\u00e9rdida es causada por el suicidio, el&hellip;<\/p>\n\t\t\t\t<\/div><!-- .post-content -->\n\t\n\t\t\t<\/article>\n\n\t\t\n\t\t\t\t\t\t\n\t\t<\/div>\n\n\n\t\t<div class=\"col-6 posts-list\">\n\t\t\n\t\t\t<div class=\"ts-row\">\n\t\t\t\n\t\t\t\t\n\t\t\t\t<article class=\"col-6 small-post cf\">\n\t\t\t\t\t<a href=\"https:\/\/medicallhome.mx\/blog\/como-construir-un-ambiente-saludable-en-el-trabajo\/\" class=\"image-link\"><img loading=\"lazy\" decoding=\"async\" width=\"87\" height=\"67\" src=\"https:\/\/medicallhome.mx\/blog\/wp-content\/uploads\/2023\/03\/25abr-87x67.jpg\" class=\"attachment-contentberg-thumb size-contentberg-thumb wp-post-image\" alt=\"\" title=\"C\u00f3mo construir un ambiente saludable en el trabajo\" srcset=\"https:\/\/medicallhome.mx\/blog\/wp-content\/uploads\/2023\/03\/25abr-87x67.jpg 87w, https:\/\/medicallhome.mx\/blog\/wp-content\/uploads\/2023\/03\/25abr-260x200.jpg 260w\" sizes=\"(max-width: 87px) 100vw, 87px\" \/>\t\t\t\t\n\t\t\t\t\t<\/a>\n\t\t\t\t\t\n\t\t\t\t\t<div class=\"content\">\n\t\t\t\t\t\t\n\t\t\t\t\t\t<h3 class=\"post-title\">\n\t\t\t\t\t\t\t<a href=\"https:\/\/medicallhome.mx\/blog\/como-construir-un-ambiente-saludable-en-el-trabajo\/\">C\u00f3mo construir un ambiente saludable en el trabajo<\/a>\n\t\t\t\t\t\t<\/h3>\n\t\t\t\t\t\t\n\t\t\t\t\t\t\t<div class=\"post-meta post-meta-a\">\n\t\t\n\t\t\t\t\t\n\t\t\t\t\t<a href=\"https:\/\/medicallhome.mx\/blog\/como-construir-un-ambiente-saludable-en-el-trabajo\/\" class=\"date-link\"><time class=\"post-date\" datetime=\"2023-03-29T23:35:26+00:00\">29 de marzo de 2023<\/time><\/a>\n\t\t\t\t\n\t\t\n\t<\/div>\t\t\t\t\t\t\n\t\t\t\t\t<\/div>\n\t\t\t\t<\/article>\n\t\t\t\n\t\t\t\t\n\t\t\t\t<article class=\"col-6 small-post cf\">\n\t\t\t\t\t<a href=\"https:\/\/medicallhome.mx\/blog\/sindrome-del-nido-vacio-un-viaje-emocional-para-los-padres\/\" class=\"image-link\"><img loading=\"lazy\" decoding=\"async\" width=\"87\" height=\"67\" src=\"https:\/\/medicallhome.mx\/blog\/wp-content\/uploads\/2024\/05\/Captura-de-pantalla-2024-05-03-a-las-10.29.14-87x67.png\" class=\"attachment-contentberg-thumb size-contentberg-thumb wp-post-image\" alt=\"\" title=\"S\u00edndrome del nido vac\u00edo: Un viaje emocional para los padres\" srcset=\"https:\/\/medicallhome.mx\/blog\/wp-content\/uploads\/2024\/05\/Captura-de-pantalla-2024-05-03-a-las-10.29.14-87x67.png 87w, https:\/\/medicallhome.mx\/blog\/wp-content\/uploads\/2024\/05\/Captura-de-pantalla-2024-05-03-a-las-10.29.14-260x200.png 260w\" sizes=\"(max-width: 87px) 100vw, 87px\" \/>\t\t\t\t\n\t\t\t\t\t<\/a>\n\t\t\t\t\t\n\t\t\t\t\t<div class=\"content\">\n\t\t\t\t\t\t\n\t\t\t\t\t\t<h3 class=\"post-title\">\n\t\t\t\t\t\t\t<a href=\"https:\/\/medicallhome.mx\/blog\/sindrome-del-nido-vacio-un-viaje-emocional-para-los-padres\/\">S\u00edndrome del nido vac\u00edo: Un viaje emocional para los padres<\/a>\n\t\t\t\t\t\t<\/h3>\n\t\t\t\t\t\t\n\t\t\t\t\t\t\t<div class=\"post-meta post-meta-a\">\n\t\t\n\t\t\t\t\t\n\t\t\t\t\t<a href=\"https:\/\/medicallhome.mx\/blog\/sindrome-del-nido-vacio-un-viaje-emocional-para-los-padres\/\" class=\"date-link\"><time class=\"post-date\" datetime=\"2024-05-03T15:38:23+00:00\">3 de mayo de 2024<\/time><\/a>\n\t\t\t\t\n\t\t\n\t<\/div>\t\t\t\t\t\t\n\t\t\t\t\t<\/div>\n\t\t\t\t<\/article>\n\t\t\t\n\t\t\t\t\n\t\t\t\t<article class=\"col-6 small-post cf\">\n\t\t\t\t\t<a href=\"https:\/\/medicallhome.mx\/blog\/hipertension-cuando-cuidar-tu-corazon-tambien-significa-sanar-tu-vida\/\" class=\"image-link\"><img loading=\"lazy\" decoding=\"async\" width=\"87\" height=\"67\" src=\"https:\/\/medicallhome.mx\/blog\/wp-content\/uploads\/2025\/06\/Captura-de-pantalla-2025-06-02-a-las-11.36.16\u202fa.m-87x67.png\" class=\"attachment-contentberg-thumb size-contentberg-thumb wp-post-image\" alt=\"\" title=\"Hipertensi\u00f3n: Cuando cuidar tu coraz\u00f3n tambi\u00e9n significa sanar tu vida.\u00a0\" srcset=\"https:\/\/medicallhome.mx\/blog\/wp-content\/uploads\/2025\/06\/Captura-de-pantalla-2025-06-02-a-las-11.36.16\u202fa.m-87x67.png 87w, https:\/\/medicallhome.mx\/blog\/wp-content\/uploads\/2025\/06\/Captura-de-pantalla-2025-06-02-a-las-11.36.16\u202fa.m-260x200.png 260w\" sizes=\"(max-width: 87px) 100vw, 87px\" \/>\t\t\t\t\n\t\t\t\t\t<\/a>\n\t\t\t\t\t\n\t\t\t\t\t<div class=\"content\">\n\t\t\t\t\t\t\n\t\t\t\t\t\t<h3 class=\"post-title\">\n\t\t\t\t\t\t\t<a href=\"https:\/\/medicallhome.mx\/blog\/hipertension-cuando-cuidar-tu-corazon-tambien-significa-sanar-tu-vida\/\">Hipertensi\u00f3n: Cuando cuidar tu coraz\u00f3n tambi\u00e9n significa sanar tu vida.\u00a0<\/a>\n\t\t\t\t\t\t<\/h3>\n\t\t\t\t\t\t\n\t\t\t\t\t\t\t<div class=\"post-meta post-meta-a\">\n\t\t\n\t\t\t\t\t\n\t\t\t\t\t<a href=\"https:\/\/medicallhome.mx\/blog\/hipertension-cuando-cuidar-tu-corazon-tambien-significa-sanar-tu-vida\/\" class=\"date-link\"><time class=\"post-date\" datetime=\"2025-06-02T16:52:45+00:00\">2 de junio de 2025<\/time><\/a>\n\t\t\t\t\n\t\t\n\t<\/div>\t\t\t\t\t\t\n\t\t\t\t\t<\/div>\n\t\t\t\t<\/article>\n\t\t\t\n\t\t\t\t\n\t\t\t\t<article class=\"col-6 small-post cf\">\n\t\t\t\t\t<a href=\"https:\/\/medicallhome.mx\/blog\/virus-de-papiloma\/\" class=\"image-link\"><img loading=\"lazy\" decoding=\"async\" width=\"87\" height=\"67\" src=\"https:\/\/medicallhome.mx\/blog\/wp-content\/uploads\/2023\/04\/2mayig-2-87x67.jpg\" class=\"attachment-contentberg-thumb size-contentberg-thumb wp-post-image\" alt=\"\" title=\"\u00bfQu\u00e9 es el virus de papiloma humano en el siglo XXI?\" srcset=\"https:\/\/medicallhome.mx\/blog\/wp-content\/uploads\/2023\/04\/2mayig-2-87x67.jpg 87w, https:\/\/medicallhome.mx\/blog\/wp-content\/uploads\/2023\/04\/2mayig-2-260x200.jpg 260w\" sizes=\"(max-width: 87px) 100vw, 87px\" \/>\t\t\t\t\n\t\t\t\t\t<\/a>\n\t\t\t\t\t\n\t\t\t\t\t<div class=\"content\">\n\t\t\t\t\t\t\n\t\t\t\t\t\t<h3 class=\"post-title\">\n\t\t\t\t\t\t\t<a href=\"https:\/\/medicallhome.mx\/blog\/virus-de-papiloma\/\">\u00bfQu\u00e9 es el virus de papiloma humano en el siglo XXI?<\/a>\n\t\t\t\t\t\t<\/h3>\n\t\t\t\t\t\t\n\t\t\t\t\t\t\t<div class=\"post-meta post-meta-a\">\n\t\t\n\t\t\t\t\t\n\t\t\t\t\t<a href=\"https:\/\/medicallhome.mx\/blog\/virus-de-papiloma\/\" class=\"date-link\"><time class=\"post-date\" datetime=\"2023-04-26T23:56:52+00:00\">26 de abril de 2023<\/time><\/a>\n\t\t\t\t\n\t\t\n\t<\/div>\t\t\t\t\t\t\n\t\t\t\t\t<\/div>\n\t\t\t\t<\/article>\n\t\t\t\n\t\t\t\n\t\t\t<\/div>\n\t\t<\/div>\n\t\n\t<\/div> <!-- .block-content -->\n\t\n<\/section>\n\t\n[\/vc_column][\/vc_row]<\/p>\n","protected":false},"excerpt":{"rendered":"<p>[vc_row][vc_column][\/vc_column][\/vc_row][vc_row][vc_column width=\u00bb2\/3&#8243;][\/vc_column][vc_column width=\u00bb1\/3&#8243;][vc_widget_sidebar is_sidebar=\u00bb1&#8243; is_sticky=\u00bb1&#8243; sidebar_id=\u00bbcontentberg-primary\u00bb][\/vc_column][\/vc_row][vc_row][vc_column][\/vc_column][\/vc_row]<\/p>\n","protected":false},"author":2,"featured_media":3650,"parent":0,"menu_order":0,"comment_status":"closed","ping_status":"closed","template":"page-blocks.php","meta":{"footnotes":""},"class_list":["post-3545","page","type-page","status-publish","has-post-thumbnail"],"_links":{"self":[{"href":"https:\/\/medicallhome.mx\/blog\/wp-json\/wp\/v2\/pages\/3545"}],"collection":[{"href":"https:\/\/medicallhome.mx\/blog\/wp-json\/wp\/v2\/pages"}],"about":[{"href":"https:\/\/medicallhome.mx\/blog\/wp-json\/wp\/v2\/types\/page"}],"author":[{"embeddable":true,"href":"https:\/\/medicallhome.mx\/blog\/wp-json\/wp\/v2\/users\/2"}],"replies":[{"embeddable":true,"href":"https:\/\/medicallhome.mx\/blog\/wp-json\/wp\/v2\/comments?post=3545"}],"version-history":[{"count":4,"href":"https:\/\/medicallhome.mx\/blog\/wp-json\/wp\/v2\/pages\/3545\/revisions"}],"predecessor-version":[{"id":3717,"href":"https:\/\/medicallhome.mx\/blog\/wp-json\/wp\/v2\/pages\/3545\/revisions\/3717"}],"wp:featuredmedia":[{"embeddable":true,"href":"https:\/\/medicallhome.mx\/blog\/wp-json\/wp\/v2\/media\/3650"}],"wp:attachment":[{"href":"https:\/\/medicallhome.mx\/blog\/wp-json\/wp\/v2\/media?parent=3545"}],"curies":[{"name":"wp","href":"https:\/\/api.w.org\/{rel}","templated":true}]}}